{"id":5139,"date":"2023-02-27T18:02:17","date_gmt":"2023-02-27T12:02:17","guid":{"rendered":"https:\/\/hostim.themetags.com\/?page_id=5139"},"modified":"2025-05-13T14:45:01","modified_gmt":"2025-05-13T14:45:01","slug":"agbs","status":"publish","type":"page","link":"https:\/\/www.orrix.ch\/index.php\/agbs\/","title":{"rendered":"AGBS"},"content":{"rendered":"\t\t<div data-elementor-type=\"wp-page\" data-elementor-id=\"5139\" class=\"elementor elementor-5139\">\n\t\t\t\t<div class=\"elementor-element elementor-element-cbc276e e-flex e-con-boxed e-con e-parent\" data-id=\"cbc276e\" data-element_type=\"container\" data-settings=\"{&quot;background_background&quot;:&quot;classic&quot;}\">\n\t\t\t\t\t<div class=\"e-con-inner\">\n\t\t<div class=\"elementor-element elementor-element-a317031 e-con-full e-flex e-con e-child\" data-id=\"a317031\" data-element_type=\"container\">\n\t\t\t\t<div class=\"elementor-element elementor-element-36ceb2b elementor-widget elementor-widget-heading\" data-id=\"36ceb2b\" data-element_type=\"widget\" data-widget_type=\"heading.default\">\n\t\t\t\t<div class=\"elementor-widget-container\">\n\t\t\t\t\t<h1 class=\"elementor-heading-title elementor-size-default\">AGBs<\/h1>\t\t\t\t<\/div>\n\t\t\t\t<\/div>\n\t\t\t\t<\/div>\n\t\t\t\t\t<\/div>\n\t\t\t\t<\/div>\n\t\t<div class=\"elementor-element elementor-element-ab25512 e-flex e-con-boxed e-con e-parent\" data-id=\"ab25512\" data-element_type=\"container\">\n\t\t\t\t\t<div class=\"e-con-inner\">\n\t\t\t\t\t<\/div>\n\t\t\t\t<\/div>\n\t\t<div class=\"elementor-element elementor-element-be616bd e-flex e-con-boxed e-con e-parent\" data-id=\"be616bd\" data-element_type=\"container\">\n\t\t\t\t\t<div class=\"e-con-inner\">\n\t\t\t\t<div class=\"elementor-element elementor-element-e84cf52 elementor-widget elementor-widget-text-editor\" data-id=\"e84cf52\" data-element_type=\"widget\" data-widget_type=\"text-editor.default\">\n\t\t\t\t<div class=\"elementor-widget-container\">\n\t\t\t\t\t\t\t\t\t<h3 style=\"text-align: center;\"><strong>Allgemeine Gesch\u00e4ftsbedingungen (AGB) ORRIX Web Management<\/strong><\/h3><p style=\"text-align: center;\">Stand: 17.07.2024<\/p><p><strong>1. Geltungsbereich<\/strong><\/p><p>Diese Allgemeinen Gesch\u00e4ftsbedingungen (AGB) regeln die Nutzung der Dienstleistungen von ORRIX Web Management (im Folgenden \u201cORRIX\u201d genannt), mit Sitz in 8105 Rgensdorf Pumpwerkstrasse 33, Schweiz, sowie die Vertragsbeziehung zwischen ORRIX und seinen Kunden (im Folgenden \u201cKunde\u201d genannt).<\/p><p>Die AGB gelten f\u00fcr alle Leistungen von ORRIX<\/p><p><strong>2. Vertragsabschluss<\/strong><\/p><p>Der Vertrag kommt durch die Annahme des Angebots von ORRIX durch den Kunden zustande. Die Annahme kann schriftlich, per E-Mail oder durch die Inanspruchnahme der Dienstleistung erfolgen.<\/p><p><strong>3. Leistungen<\/strong><\/p><p>ORRIX erbringt die vertraglich vereinbarten Leistungen nach den jeweils aktuellen technischen Standards und unter Ber\u00fccksichtigung der Vorgaben des Kunden. ORRIX ist berechtigt, die Leistungen im Rahmen des Zumutbaren zu \u00e4ndern, sofern dies technisch notwendig oder zum Vorteil des Kunden ist.<\/p><p><strong>4. Preise und Zahlungsbedingungen<\/strong><\/p><p>Die Preise f\u00fcr die Leistungen von ORRIX sind in den jeweiligen Angeboten oder auf der Website von ORRIX aufgef\u00fchrt.<\/p><p>Die Rechnungen von ORRIX sind innerhalb von 10 Tagen nach Rechnungsstellung ohne Abzug zu begleichen.<\/p><p><strong>5. Pflichten des Kunden<\/strong><\/p><p>Der Kunde ist verpflichtet:<\/p><p>Die ihm zur Verf\u00fcgung gestellten Zugangsdaten vertraulich zu behandeln.<br \/>Die Dienstleistungen von ORRIX nur f\u00fcr legale Zwecke zu nutzen.<br \/>Die Inhalte, die er auf den Servern von ORRIX hostet, rechtm\u00e4ssig und nicht gegen geltendes Recht verstossend zu sein.<br \/>ORRIX \u00fcber alle \u00c4nderungen seiner Kontaktdaten umgehend zu informieren.<\/p><p><strong>6. Haftung<\/strong><\/p><p>ORRIX haftet nur f\u00fcr Sch\u00e4den, die durch eine schuldhafte Verletzung der Vertragspflichten von ORRIX entstehen, im Rahmen des gesetzlichen Rahmens.<\/p><p>ORRIX haftet nicht f\u00fcr Sch\u00e4den, die durch h\u00f6here Gewalt, Hardware Fehler, Streik, Aussperrung oder andere unvorhersehbare Ereignisse verursacht werden.<\/p><p><strong>7. Datenschutz<\/strong><\/p><p>ORRIX verarbeitet die personenbezogenen Daten der Kunden nur im Rahmen der gesetzlichen Bestimmungen und der geltenden Datenschutzbestimmungen.<\/p><p>Weitere Informationen zum Datenschutz finden Sie in unserer Datenschutzerkl\u00e4rung unter \u201e\u00a0<a href=\"https:\/\/orrixai.ch\/datenschutz\">https:\/\/orrixai.ch\/datenschutz<\/a>\u00a0\u201c<\/p><p><strong>8. Vertragsdauer und K\u00fcndigung<\/strong><\/p><p>Die Vertragslaufzeit ist individuell und verl\u00e4ngert sich jeweils um immer einen Monat, falls nicht auf den letzten Tag des Monats vor Ablauf der Laufzeit schriftlich gek\u00fcndigt wird. Bei Zahlungsausfall beh\u00e4lt sich ORRIX vor den Vertrag und alle dazugeh\u00f6rigen Dienste zu Sperren und nach einer Ablaufzeit von 10 Tagen das Recht alle Dienste zu l\u00f6schen. Bei Neukunden und laufende Projekte sowie Projekte im Aufbau sind jegliche Rechnungen zu begleichen mit Zahlungsfrist die auf der Rechnung ersichtlich ist, bei nicht bezahlten Rechnungen des Kunden beh\u00e4lt sich ORRIX vor das Projekt und alle von Kunden Diensten zusammenh\u00e4ngenden Dienstleistungen zu pausieren, zu sperren oder dem Kunden das komplette Packet als Backup zur Verf\u00fcgung zu stellen f\u00fcr einen Wegzug von ORRIX innerhalb 15 Tagen.\u00a0<\/p><p><strong>9. Schlussbestimmungen<\/strong><\/p><p>Sollten einzelne Bestimmungen dieser AGB unwirksam sein oder werden, so wird die Wirksamkeit der \u00fcbrigen Bestimmungen hiervon nicht ber\u00fchrt. Anstelle der unwirksamen Bestimmung tritt eine solche wirksame Bestimmung, die dem wirtschaftlichen Zweck der unwirksamen Bestimmung m\u00f6glichst nahe kommt.<\/p><p>Gerichtsstand ist 04.03.2023<\/p><p>ORRIX WEB MANAGEMENT<\/p><p>Kontakt: info@orrix.ch<\/p><p>ENGLISH VERSION:::<\/p><p>General Terms and Conditions (GTC) ORRIX Web Management<\/p><p>Effective Date: 17.07.2024<\/p><p><strong>1. Scope<\/strong><\/p><p>These General Terms and Conditions (GTC) govern the use of the services provided by ORRIX Web Management (hereinafter referred to as &#8222;ORRIX&#8220;), located at 8105 Rgensdorf Pumpwerkstrasse 33, Switzerland, as well as the contractual relationship between ORRIX and its customers (hereinafter referred to as &#8222;Customer&#8220;).<\/p><p>The GTC apply to all services provided by ORRIX.<\/p><p><strong>2. Conclusion of Contract<\/strong><\/p><p>The contract is concluded by the Customer&#8217;s acceptance of ORRIX&#8217;s offer. Acceptance can be made in writing, by email, or by utilizing the service.<\/p><p><strong>3. Services<\/strong><\/p><p>ORRIX provides the contractually agreed services according to the current technical standards and considering the Customer&#8217;s specifications. ORRIX is entitled to make changes to the services within reasonable limits if this is technically necessary or to the Customer&#8217;s advantage.<\/p><p><strong>4. Prices and Payment Terms<\/strong><\/p><p>The prices for ORRIX&#8217;s services are listed in the respective offers or on ORRIX&#8217;s website.<\/p><p>Invoices from ORRIX are to be paid within 10 days of the deductions.<\/p><p><strong>5. Customer Obligations<\/strong><\/p><p>The Customer is obliged to:<\/p><p>&#8211; Treat the access data provided to them confidentially.<br \/>&#8211; Use ORRIX&#8217;s services only for legal purposes.<br \/>&#8211; Ensure that the content they host on ORRIX&#8217;s servers is lawful and does not violate applicable laws.<br \/>&#8211; Inform ORRIX immediately of any changes to their contact details.<\/p><p><strong>6. Liability<\/strong><\/p><p>ORRIX is only liable for damages caused by a culpable breach of ORRIX&#8217;s contractual obligations, within the legal framework.<\/p><p>ORRIX is not liable for damages caused by force majeure, hardware failures, strikes, lockouts, or other unforeseeable events.<\/p><p><strong>7. Data Protection<\/strong><\/p><p>ORRIX processes the personal data of customers only within the framework of legal provisions and applicable data protection regulations.<\/p><p>Further information on data protection can be found in our privacy policy at &#8222;https:\/\/orrixai.ch\/datenschutz&#8220;.<\/p><p><strong>8. Contract Duration and Termination<\/strong><\/p><p>The contract duration is individual and is automatically extended by one month unless terminated in writing on the last day of the month before the end of the term. In the event of payment default, ORRIX reserves the right to suspend the contract and all associated services and, after a period of 10 days, to delete all services.For new customers and ongoing projects as well as projects under development, all invoices must be paid within the payment period shown on the invoice. If the customer does not pay invoices, ORRIX reserves the right to pause or block the project and all services related to the customer&#8217;s services, or to provide the customer with the entire package as a backup in case ORRIX moves away within 15 days.<\/p><p><strong>9. Final Provisions<\/strong><\/p><p>Should individual provisions of these GTC be or become invalid, the validity of the remaining provisions shall not be affected. In place of the invalid provision, a valid provision that comes as close as possible to the economic purpose of the invalid provision shall apply.<\/p><p>Jurisdiction is 04.03.2023<\/p><p>ORRIX WEB MANAGEMENT<\/p><p>Contact: info@orrix.ch<\/p>\t\t\t\t\t\t\t\t<\/div>\n\t\t\t\t<\/div>\n\t\t\t\t\t<\/div>\n\t\t\t\t<\/div>\n\t\t\t\t<\/div>\n\t\t","protected":false},"excerpt":{"rendered":"<p>AGBs Allgemeine Gesch\u00e4ftsbedingungen (AGB) ORRIX Web Management Stand: 17.07.2024 1. Geltungsbereich Diese Allgemeinen Gesch\u00e4ftsbedingungen (AGB) regeln die Nutzung der Dienstleistungen von ORRIX Web Management (im Folgenden \u201cORRIX\u201d genannt), mit Sitz in 8105 Rgensdorf Pumpwerkstrasse 33, Schweiz, sowie die Vertragsbeziehung zwischen ORRIX und seinen Kunden (im Folgenden \u201cKunde\u201d genannt). Die AGB gelten f\u00fcr alle Leistungen von [&hellip;]<\/p>\n","protected":false},"author":1,"featured_media":0,"parent":0,"menu_order":0,"comment_status":"closed","ping_status":"closed","template":"elementor_header_footer","meta":{"footnotes":""},"class_list":["post-5139","page","type-page","status-publish","hentry"],"_links":{"self":[{"href":"https:\/\/www.orrix.ch\/index.php\/wp-json\/wp\/v2\/pages\/5139","targetHints":{"allow":["GET"]}}],"collection":[{"href":"https:\/\/www.orrix.ch\/index.php\/wp-json\/wp\/v2\/pages"}],"about":[{"href":"https:\/\/www.orrix.ch\/index.php\/wp-json\/wp\/v2\/types\/page"}],"author":[{"embeddable":true,"href":"https:\/\/www.orrix.ch\/index.php\/wp-json\/wp\/v2\/users\/1"}],"replies":[{"embeddable":true,"href":"https:\/\/www.orrix.ch\/index.php\/wp-json\/wp\/v2\/comments?post=5139"}],"version-history":[{"count":30,"href":"https:\/\/www.orrix.ch\/index.php\/wp-json\/wp\/v2\/pages\/5139\/revisions"}],"predecessor-version":[{"id":16736,"href":"https:\/\/www.orrix.ch\/index.php\/wp-json\/wp\/v2\/pages\/5139\/revisions\/16736"}],"wp:attachment":[{"href":"https:\/\/www.orrix.ch\/index.php\/wp-json\/wp\/v2\/media?parent=5139"}],"curies":[{"name":"wp","href":"https:\/\/api.w.org\/{rel}","templated":true}]}}